{"id":4062,"date":"2024-10-31T21:55:19","date_gmt":"2024-10-31T21:55:19","guid":{"rendered":"https:\/\/thestoryofjesus.com\/bienvenido\/"},"modified":"2025-01-13T21:59:26","modified_gmt":"2025-01-13T21:59:26","slug":"bienvenido","status":"publish","type":"page","link":"https:\/\/thestoryofjesus.com\/es\/","title":{"rendered":"Bienvenido"},"content":{"rendered":"\n<h1 class=\"wp-block-heading\"><\/h1>\n\n\n\n<p class=\"\">Bienvenido a la historia real m\u00e1s asombrosa jam\u00e1s contada.<\/p>\n\n\n\n<p class=\"\">La historia de la vida de Jes\u00fas, relatada por cuatro bi\u00f3grafos distintos, se ha entretejido para producir un relato cronol\u00f3gicamente armonizado que retrata con precisi\u00f3n la vida de Yeshua Ha Mashiach, la persona que conocemos en espa\u00f1ol como Jes\u00fas el Cristo.  <\/p>\n\n\n\n<p class=\"\"><\/p>\n\n\n\n<p class=\"\"><a href=\"https:\/\/thestoryofjesus.com\/es\/0-bienvenido\/\" data-type=\"link\" data-id=\"https:\/\/thestoryofjesus.com\/es\/0-bienvenido\/\">Empieza a leer&#8230;<\/a><\/p>\n","protected":false},"excerpt":{"rendered":"<p>Bienvenido a la historia real m\u00e1s asombrosa jam\u00e1s contada. La historia de la vida de Jes\u00fas, relatada por cuatro bi\u00f3grafos distintos, se ha entretejido para producir un relato cronol\u00f3gicamente armonizado que retrata con precisi\u00f3n la vida de Yeshua Ha Mashiach, la persona que conocemos en espa\u00f1ol como Jes\u00fas el Cristo. Empieza a leer&#8230;<\/p>\n","protected":false},"author":1,"featured_media":3064,"parent":0,"menu_order":0,"comment_status":"closed","ping_status":"closed","template":"","meta":{"nf_dc_page":"","footnotes":""},"class_list":["post-4062","page","type-page","status-publish","has-post-thumbnail","hentry"],"_links":{"self":[{"href":"https:\/\/thestoryofjesus.com\/es\/wp-json\/wp\/v2\/pages\/4062","targetHints":{"allow":["GET"]}}],"collection":[{"href":"https:\/\/thestoryofjesus.com\/es\/wp-json\/wp\/v2\/pages"}],"about":[{"href":"https:\/\/thestoryofjesus.com\/es\/wp-json\/wp\/v2\/types\/page"}],"author":[{"embeddable":true,"href":"https:\/\/thestoryofjesus.com\/es\/wp-json\/wp\/v2\/users\/1"}],"replies":[{"embeddable":true,"href":"https:\/\/thestoryofjesus.com\/es\/wp-json\/wp\/v2\/comments?post=4062"}],"version-history":[{"count":8,"href":"https:\/\/thestoryofjesus.com\/es\/wp-json\/wp\/v2\/pages\/4062\/revisions"}],"predecessor-version":[{"id":4782,"href":"https:\/\/thestoryofjesus.com\/es\/wp-json\/wp\/v2\/pages\/4062\/revisions\/4782"}],"wp:featuredmedia":[{"embeddable":true,"href":"https:\/\/thestoryofjesus.com\/es\/wp-json\/wp\/v2\/media\/3064"}],"wp:attachment":[{"href":"https:\/\/thestoryofjesus.com\/es\/wp-json\/wp\/v2\/media?parent=4062"}],"curies":[{"name":"wp","href":"https:\/\/api.w.org\/{rel}","templated":true}]}}